{"id":11248,"date":"2023-11-27T02:20:47","date_gmt":"2023-11-26T23:20:47","guid":{"rendered":"https:\/\/katunofficial.com\/?page_id=11248"},"modified":"2024-07-20T16:09:03","modified_gmt":"2024-07-20T13:09:03","slug":"mesafeli-satis-sozlesmesi","status":"publish","type":"page","link":"https:\/\/katunofficial.com\/en\/mesafeli-satis-sozlesmesi\/","title":{"rendered":"Distance Selling Agreement"},"content":{"rendered":"<p>Distance Selling Agreement<\/p><p>Sepet Bilgisi<br>S\u00d6ZLE\u015eME KONUSU \u00dcR\u00dcN:<\/p><p>\u00dcr\u00fcnlerin Cinsi ve t\u00fcr\u00fc, Miktari, Marka\/Modeli, Rengi, Vergiler Dahil Satis Bedeli (adet x birim fiyat olarak) a\u015fag\u0131da belirtildi\u011fi gibidir.<\/p><p>\u00d6deme \u015eekli :<\/p><p>TESL\u0130MAT:<\/p><p>Teslimat Adresi :<br>Teslim Edilecek Ki\u015fi:<br>Fatura Adresi :&nbsp;<\/p><p>Teslimat , anlasmali kargo sirketi araciligi ile, Alicinin yukarida belirtilen adresinde elden teslim edilecektir. Teslim aninda alicinin adresinde bulunmamasi durumunda dahi SATICI edimini tam ve eksiksiz olarak yerine getirmis olarak kabul edilecektir. Bu nedenle, alicinin \u00fcr\u00fcn\u00fc ge\u00e7 teslim almasindan kaynaklanan her t\u00fcrl\u00fc zarar ile \u00fcr\u00fcn\u00fcn kargo sirketinde beklemis olmasi ve\/veya kargonun SATICI\u2019ya geri iade edilmesinden dolayi da olusan giderler de ALICI\u2019ya aittir.<\/p><p>\u00dcr\u00fcnlerin kargo \u00fccreti sat\u0131c\u0131 firmaya aittir.<\/p><p>GE\u00c7ERLILIK S\u00dcRESI:<\/p><p>Isbu formda yer alan \u00fcr\u00fcn ya da hizmete iliskin olarak ALICI\u2019ya sunulan t\u00fcm bilgiler ve vaatler \u00fcr\u00fcn bilgilerine iliskin degisikliklerin yapilmasi ve yayinlanmasina kadar ge\u00e7erli olup bu g\u00fcnden sonra Satici tarafindan isbu formda verilen bilgi ve vaatlerle bagli kalinmadigi ihtar olunur.<\/p><p>S\u00d6ZLESME S\u00dcRESI:<\/p><p>Isbu formda yer alan \u00fcr\u00fcn\u00fcn ALICI\u2019ya teslim edilmesini takiben mesafeli s\u00f6zlesme sona erecektir.<\/p><p>CAYMA HAKKI ALICI,<\/p><p>S\u00f6zlesme konusu \u00fcr\u00fcn\u00fcn kendisine veya g\u00f6sterdigi adresteki kisi\/kurulusa tesliminden itibaren 15 g\u00fcn i\u00e7inde mali reddederek cayma hakkina sahiptir. T\u00fcketicinin cayma bildiriminin saticiya ulastigi tarihten itibaren 10 g\u00fcn i\u00e7inde \u00fcr\u00fcn bedeli ALICI\u2019ya iade edilir.(bkz Mesafeli S\u00f6zlesmeler Hakkinda Y\u00f6netmelik madde 9\/2) Cayma hakki nedeni ile iade edilen \u00fcr\u00fcn\u00fcn kargo bedeli SATICI tarafindan karsilanir.<\/p><p>T\u00fcketicinin hi\u00e7bir hukuki ve cezai sorumluluk \u00fcstlenmeksizin ve hi\u00e7bir gerek\u00e7e g\u00f6stermeksizin mali teslim aldigi veya s\u00f6zlesmenin imzalandigi tarihten itibaren yedi g\u00fcn i\u00e7erisinde mali veya hizmeti reddederek s\u00f6zlesmeden cayma hakkinin var oldugunu ve cayma bildiriminin satici veya saglayiciya ulasmasi tarihinden itibaren mali geri almayi taahh\u00fct ederiz.<\/p><p>395 sayili vergi usul kanunu genel tebligi uyarinca iade islemlerinin yapilabilmesi i\u00e7in tarafiniza g\u00f6ndermis oldugumuz iade b\u00f6l\u00fcm\u00fc bulunan faturada ilgili b\u00f6l\u00fcmlerin eksiksiz olarak doldurulmasi ve imzalandiktan sonra tarafimiza \u00fcr\u00fcn ile birlikte geri g\u00f6nderilmesi gerekmektedir.<\/p><p>ALICI talep ve sikayetlerini yukarida yer alan SATICI iletisim bilgilerine iletebilir.<\/p><p>ALICI sik\u00e2yet ve itirazlari konusunda basvurularini Bakanlik\u00e7a her yil Aralik ayinda belirlenen parasal sinirlar d\u00e2hilinde ALICI\u2019nin mal veya hizmeti satin aldigi veya ikametg\u00e2hinin bulundugu yerdeki t\u00fcketici sorunlari hakem heyetine veya t\u00fcketici mahkemesine yapilabilir.<\/p><p>Isbu \u00d6n Bilgilendirme Formu\u2019nda belirtilen bilgiler kullanilan uzaktan iletisim ara\u00e7larina uygun olarak ve iyi niyet ilkeleri \u00e7er\u00e7evesinde ergin olmayanlar ile ayirtim g\u00fcc\u00fcnden yoksun veya kisitli erginleri koruyacak sekilde ticari ama\u00e7larla verilmektedir.<\/p><p>Isbu \u00d6n Bilgilendirme Formu elektronik ortamda ALICI tarafindan okunarak kabul edildikten sonra Mesafeli Satis S\u00f6zlesmesi kurulmasi asamasina ge\u00e7ilecektir.<\/p><p>SATICI : www.katunofficial.com<br>ALICI :&nbsp;<br>Tarih :&nbsp;<\/p><p>SATIS S\u00d6ZLESMESI MADDE<\/p><p>1- TARAFLAR<\/p><p>1.1- SATICI<br>\u00dcnvani : www.katunofficial.com<br>Adres: G\u00f6ztepe Mah. Mithatpa\u015fa Cad. No: 880 | 7 Konak \u2013 \u0130ZM\u0130R<br>Telefon : +90 532 432 9566&nbsp;<br>E-mail : info@katunofficial.com<\/p><p>1.2 -ALICI<br>Adi\/soyadi\/\u00dcnvani :<br>TC Numaras\u0131 :&nbsp;<br>Adresi :&nbsp;<br>Telefon :&nbsp;<br>E-mail :<\/p><p>MADDE 2- KONU<\/p><p>Isbu s\u00f6zlesmenin konusu, ALICI\u2019nin SATICI\u2019ya ait http:\/\/www.katunofficial.com alan adli internet sitesinden elektronik ortamda siparisini yaptigi asagida nitelikleri ve satis fiyati belirtilen \u00fcr\u00fcn\u00fcn satisi ve teslimi ile ilgili olarak 4077 sayili T\u00fcketicilerin Korunmasi Hakkindaki Kanun ve Mesafeli S\u00f6zlesmeleri Uygulama Esas ve Usulleri Hakkinda Y\u00f6netmelik h\u00fck\u00fcmleri geregince taraflarin hak ve y\u00fck\u00fcml\u00fcl\u00fcklerinin saptanmasidir.<\/p><p>MADDE 3- S\u00d6ZLESME KONUSU \u00dcR\u00dcN<\/p><p>Sayin ;<br>http:\/\/www.katunofficial.com sitesine g\u00f6stermis oldugunuz ilgiye tesekk\u00fcr ederiz.<\/p><p>Yapmis oldugunuz alisverise iliskin ayrintilar alttadir. Bu bilgilerle ilgili herhangi bir probleminiz olursa bize l\u00fctfen hemen +90 533 711 2811 numarali telefondan ulasin ve m\u00fcsteri hizmetleri yetkilimizle g\u00f6r\u00fcs\u00fcn.<\/p><p>Siparis Bilgileri<\/p><p>Bu bilgileri l\u00fctfen g\u00fcvenli bir sekilde muhafaza ediniz.<\/p><p>Teslimat Adresi:&nbsp;<br>Fatura Adresi:<\/p><p>Siparisler:<\/p><p>[sepet-tutar] + Kargo Bedeli<\/p><p>\u00dcr\u00fcnlerin Cinsi ve t\u00fcr\u00fc, Miktari, Marka\/Modeli, Rengi, Satis Bedeli yukarida belirtildigi gibidir.<\/p><p>Teslimat Adresi :&nbsp;<br>Teslim Edilecek Kisi :&nbsp;<br>Fatura Adresi :<\/p><p>MADDE 4- GENEL H\u00dcK\u00dcMLER<\/p><p>4.1- ALICI, SATICI \u2018ya ait https:\/\/www.katunofficial.com alan adli internet sitesinde s\u00f6zlesme konusu \u00fcr\u00fcn\u00fcn temel nitelikleri, satis fiyati ve \u00f6deme sekli ile teslimata iliskin \u00f6n bilgileri okuyup bilgi sahibi oldugunu ve elektronik ortamda gerekli teyidi verdigini beyan eder.<br>4.2- S\u00f6zlesme konusu \u00fcr\u00fcn, yasal 15 g\u00fcnl\u00fck s\u00fcreyi asmamak kosulu ile her bir \u00fcr\u00fcn i\u00e7in ALICI\u2019nin yerlesim yerinin uzakligina bagli olarak ALICI veya g\u00f6sterdigi adresteki kisi\/kurulusa siparis tarihinden itibaren en ge\u00e7 7 g\u00fcn i\u00e7erisinde teslim edilir.<br>4-2-1- Sat\u0131n al\u0131nan \u00fcr\u00fcn temin\/\u00fcretim s\u00fcrelerinden ba\u011f\u0131ms\u0131z olarak \u00a07 ila 10 g\u00fcn i\u00e7erisinde SATICI taraf\u0131ndan ALICI\u2019ya teslim edilmek \u00fczere kargo firmas\u0131na teslim edilir.<br>4.3- S\u00f6zlesme konusu \u00fcr\u00fcn, ALICI\u2019dan baska bir kisi\/kurulusa teslim edilecek ise, teslim edilecek kisi\/kurulusun teslimati kabul etmemesinden SATICI sorumlu tutulamaz.<br>4.4- SATICI, s\u00f6zlesme konusu \u00fcr\u00fcn\u00fcn saglam, eksiksiz, sipariste belirtilen niteliklere uygun ve varsa garanti belgeleri ve kullanim kilavuzlari ile teslim edilmesinden sorumludur.<br>4.5- S\u00f6zlesme konusu \u00fcr\u00fcn\u00fcn teslimati i\u00e7in isbu s\u00f6zlesmenin imzali n\u00fcshasinin SATICI\u2019ya ulastirilmis olmasi ve bedelinin ALICI\u2019nin tercih ettigi \u00f6deme sekli ile \u00f6denmis olmasi sarttir. Herhangi bir nedenle \u00fcr\u00fcn bedeli \u00f6denmez veya banka kayitlarinda iptal edilir ise, SATICI \u00fcr\u00fcn\u00fcn teslimi y\u00fck\u00fcml\u00fcl\u00fcg\u00fcnden kurtulmus kabul edilir.<br>4.6- \u00dcr\u00fcn\u00fcn tesliminden sonra ALICI\u2019ya ait kredi kartinin ALICI\u2019nin kusurundan kaynaklanmayan bir sekilde yetkisiz kisilerce haksiz veya hukuka aykiri olarak kullanilmasi nedeni ile ilgili banka veya finans kurulusun \u00fcr\u00fcn bedelini SATICI\u2019ya \u00f6dememesi halinde, ALICI\u2019nin kendisine teslim edilmis olmasi kaydiyla \u00fcr\u00fcn\u00fcn 3 g\u00fcn i\u00e7inde SATICI\u2019ya g\u00f6nderilmesi zorunludur.<br>4.7- SATICI m\u00fccbir sebepler veya nakliyeyi engelleyen hava muhalefeti, ulasimin kesilmesi gibi olagan\u00fcst\u00fc durumlar nedeni ile s\u00f6zlesme konusu \u00fcr\u00fcn\u00fc s\u00fcresi i\u00e7inde teslim edemez ise, durumu ALICI\u2019ya bildirmekle y\u00fck\u00fcml\u00fcd\u00fcr. Bu takdirde ALICI siparisin iptal edilmesini, s\u00f6zlesme konusu \u00fcr\u00fcn\u00fcn varsa emsali ile degistirilmesini, ve\/veya teslimat s\u00fcresinin engelleyici durumun ortadan kalkmasina kadar ertelenmesi haklarindan birini kullanabilir. ALICI\u2019nin siparisi iptal etmesi halinde \u00f6dedigi tutar 10 g\u00fcn i\u00e7inde kendisine nakten ve defaten \u00f6denir.<br>4.8-Teslim al\u0131nan \u00fcr\u00fcn defolu olmas\u0131 durumunda yenisi ile de\u011fi\u015ftirilebilmesi i\u00e7in SATICI\u2019ya g\u00f6nderilebilir, bu takdirde kargo giderleri SATICI tarafindan karsilanacaktir.<br>4.9- Isbu s\u00f6zlesme, ALICI tarafindan imzalanip SATICI\u2019ya faks veya posta yolu ile ulastirilmasindan sonra ge\u00e7erlilik kazanir.<br>4.10- Siparis verilen \u00fcr\u00fcne eriskin fiyat dahil t\u00fcm taahh\u00fctlerimiz sitede \u00fcr\u00fcnde degisiklik yapilincaya veya siteden \u00fcr\u00fcn kaldirilincaya kadar ge\u00e7erlidir.<\/p><p>MADDE 5- CAYMA HAKKI ALICI,<\/p><p>S\u00f6zlesme konusu \u00fcr\u00fcr\u00fcn\u00fcn kendisine veya g\u00f6sterdigi adresteki kisi\/kurulusa tesliminden itibaren 7 g\u00fcn i\u00e7inde cayma hakkina sahiptir. Cayma hakkinin kullanilmasi i\u00e7in bu s\u00fcre i\u00e7inde SATICI\u2019ya faks, e-mail veya telefon ile bildirimde bulunulmasi ve \u00fcr\u00fcn\u00fcn 6. madde h\u00fck\u00fcmleri \u00e7er\u00e7evesinde cayma hakki kullanilamayacak \u00fcr\u00fcnlerden olmamasi gerekir. ALICI\u2019nin cayma hakkini kullanarak iade edecegi \u00fcr\u00fcnde, kendi kusurundan kaynaklanan deger azalmasi veya iadenin imkansizlasmasi s\u00f6zkonusu ise, ALICI, malin degerini veya degerindeki azalmayi tazmin etmesi gerekir.<\/p><p>Bu hakkin kullanilmasi halinde, 3. kisiye veya ALICI\u2019ya teslim edilen \u00fcr\u00fcn\u00fcn SATICI\u2019ya g\u00f6nderildigine iliskin kargo teslim tutanagi \u00f6rnegi ile fatura aslinin iadesi zorunludur. Bu belgelerin ulasmasini takip eden 7 g\u00fcn i\u00e7inde \u00fcr\u00fcn bedeli ALICI\u2019ya iade edilir. Fatura asli g\u00f6nderilmez ise KDV ve varsa sair yasal y\u00fck\u00fcml\u00fcl\u00fckler iade edilemez. Cayma hakki nedeni ile iade edilen \u00fcr\u00fcn\u00fcn kargo bedeli SATICI tarafindan karsilanir.<\/p><p>MADDE 6- CAYMA HAKKI KULLANILAMAYACAK \u00dcR\u00dcNLER<\/p><p>T\u00fcketici tarafindan \u00fcr\u00fcn\u00fcn kullan\u0131lm\u0131\u015f, ambalajinin zarar g\u00f6rm\u00fc\u015f veya a\u00e7ilmis olmasi durumunda cayma hakki kullanilamaz.<\/p><p>MADDE 7- GENEL H\u00dcK\u00dcMLER<\/p><p>18 yasindan k\u00fc\u00e7\u00fck kisiler SATICI\u2019dan alis-veris yapamaz.<\/p><p>MADDE 8- YETKILI MAHKEME<\/p><p>Isbu s\u00f6zlesmenin uygulanmasinda, Sanayi ve Ticaret Bakanliginca ilan edilen degere kadar alicinin veya saticinin yerlesim yerindeki T\u00fcketici Hakem Heyetleri ile ALICI\u2019nin veya SATICI\u2019nin yerlesim yerindeki T\u00fcketici Mahkemeleri yetkilidir.<\/p><p>Siparisin ger\u00e7eklesmesi durumunda ALICI isbu s\u00f6zlesmenin t\u00fcm kosullarini kabul etmis sayilir.<\/p><p>SATICI : www.katunofficial.com<br>ALICI :&nbsp;<br>Tarih :&nbsp;<\/p>","protected":false},"excerpt":{"rendered":"<p>Mesafeli Sat\u0131\u015f S\u00f6zle\u015fmesi Sepet BilgisiS\u00d6ZLE\u015eME KONUSU \u00dcR\u00dcN: \u00dcr\u00fcnlerin Cinsi ve t\u00fcr\u00fc, Miktari, Marka\/Modeli, Rengi, Vergiler Dahil Satis Bedeli (adet x birim fiyat olarak) a\u015fag\u0131da belirtildi\u011fi gibidir. \u00d6deme \u015eekli : TESL\u0130MAT: Teslimat Adresi :Teslim Edilecek Ki\u015fi:Fatura Adresi :\u00a0 Teslimat , anlasmali kargo sirketi araciligi ile, Alicinin yukarida belirtilen adresinde elden teslim edilecektir. Teslim aninda alicinin adresinde\u2026<\/p>","protected":false},"author":1,"featured_media":0,"parent":0,"menu_order":0,"comment_status":"closed","ping_status":"closed","template":"","meta":{"_acf_changed":false,"footnotes":""},"class_list":{"0":"post-11248","1":"page","2":"type-page","3":"status-publish","4":"hentry","5":"nt-post-class","6":"","7":"thumb-none","9":"excerpt-none"},"acf":[],"aioseo_notices":[],"_links":{"self":[{"href":"https:\/\/katunofficial.com\/en\/wp-json\/wp\/v2\/pages\/11248","targetHints":{"allow":["GET"]}}],"collection":[{"href":"https:\/\/katunofficial.com\/en\/wp-json\/wp\/v2\/pages"}],"about":[{"href":"https:\/\/katunofficial.com\/en\/wp-json\/wp\/v2\/types\/page"}],"author":[{"embeddable":true,"href":"https:\/\/katunofficial.com\/en\/wp-json\/wp\/v2\/users\/1"}],"replies":[{"embeddable":true,"href":"https:\/\/katunofficial.com\/en\/wp-json\/wp\/v2\/comments?post=11248"}],"version-history":[{"count":3,"href":"https:\/\/katunofficial.com\/en\/wp-json\/wp\/v2\/pages\/11248\/revisions"}],"predecessor-version":[{"id":13060,"href":"https:\/\/katunofficial.com\/en\/wp-json\/wp\/v2\/pages\/11248\/revisions\/13060"}],"wp:attachment":[{"href":"https:\/\/katunofficial.com\/en\/wp-json\/wp\/v2\/media?parent=11248"}],"curies":[{"name":"wp","href":"https:\/\/api.w.org\/{rel}","templated":true}]}}