{"id":11256,"date":"2023-11-27T02:24:46","date_gmt":"2023-11-26T23:24:46","guid":{"rendered":"https:\/\/katunofficial.com\/?page_id=11256"},"modified":"2024-07-20T16:04:12","modified_gmt":"2024-07-20T13:04:12","slug":"teslimat-kosullari","status":"publish","type":"page","link":"https:\/\/katunofficial.com\/en\/teslimat-kosullari\/","title":{"rendered":"Shipping and Transportation Information"},"content":{"rendered":"<p>Katunofficial.com \u2019dan verdi\u011finiz sipari\u015flerinizin t\u00fcm\u00fc siz m\u00fc\u015fterilerimize\u00a0\u201cKargo Firmalar\u0131\u201d arac\u0131l\u0131\u011f\u0131 ile g\u00f6nderilmektedir.<\/p><p>Kargo firmas\u0131ndan sipari\u015finizi teslim al\u0131rken dikkat etmeniz gereken birka\u00e7 konu vard\u0131r.<\/p><p><strong>Kargo paketini nas\u0131l teslim almal\u0131y\u0131m?<\/strong><\/p><p>Kargo firmas\u0131 zamanla yar\u0131\u015ft\u0131\u011f\u0131 i\u00e7in \u00fcr\u00fcn\u00fc teslim edip hemen gitmek ister, ancak hassas olan bir konu vard\u0131r. Kargo paketinizi teslim almadan kargo formuna imza at\u0131lmamal\u0131d\u0131r. Kargo tutana\u011f\u0131n\u0131 imzalamadan \u00f6nce \u00fcr\u00fcn\u00fcn\u00fcz\u00fcn kutusunun ta\u015f\u0131madan dolay\u0131 hasarl\u0131 olup olmad\u0131\u011f\u0131n\u0131 l\u00fctfen kontrol ediniz. Kutuda herhangi bir nedenle hasar var ise teslimatla ilgili hi\u00e7 bir belgeyi imzalamadan kargo yetkilisine tutanak tutulmas\u0131 i\u00e7in kutunuzu iade ediniz. Size taraf\u0131m\u0131zdan yeni \u00fcr\u00fcnleriniz derhal g\u00f6nderilecektir. Kutusu hasarl\u0131 olan \u00fcr\u00fcnlerin teslim al\u0131nmas\u0131 durumunda i\u00e7indeki \u00fcr\u00fcnlerin hasar\u0131ndan veya eksikli\u011finden Katun Belts sorumlu de\u011fildir.<\/p><p><strong>Teslim edilen pakette deformasyon varm\u0131?<\/strong><\/p><p>Kargo firmas\u0131n\u0131n getirdi\u011fi pakette herhangi bir deformasyon veya i\u00e7indeki \u00fcr\u00fcn\u00fcn zarar g\u00f6rebilece\u011fini size d\u00fc\u015f\u00fcnd\u00fcren herhangi bir \u015f\u00fcphe var ise kargo formunu imzalamadan kargo g\u00f6revlisinin yan\u0131nda paketi a\u00e7\u0131p i\u00e7indeki sipari\u015flerinizin fiziksel durumunu kontrol ediniz. Bir s\u0131k\u0131nt\u0131 g\u00f6rm\u00fcyorsan\u0131z kargo formunu imzalay\u0131n\u0131z. Kutu i\u00e7erisindeki \u00fcr\u00fcnlerin herhangi bir \u015fekilde zarar g\u00f6rd\u00fc\u011f\u00fcn\u00fc d\u00fc\u015f\u00fcn\u00fcyorsan\u0131z \u00fcr\u00fcnleri teslim almay\u0131p kargo g\u00f6revlisinden kargo hasar tutana\u011f\u0131 talep ediniz. (Tutanak tutulan \u00fcr\u00fcnleri l\u00fctfen teslim almay\u0131n\u0131z\u00a0Katunofficial.com \u2018a\u00a0\u00fcr\u00fcnlerin geri gelmesi gerekmektedir). Tutanak tutulan \u00fcr\u00fcnlerin de\u011fi\u015fimi yap\u0131larak taraf\u0131n\u0131za yeniden kargolanacakt\u0131r.<\/p>","protected":false},"excerpt":{"rendered":"<p>Katunofficial.com \u2019dan verdi\u011finiz sipari\u015flerinizin t\u00fcm\u00fc siz m\u00fc\u015fterilerimize\u00a0\u201cKargo Firmalar\u0131\u201d arac\u0131l\u0131\u011f\u0131 ile g\u00f6nderilmektedir. Kargo firmas\u0131ndan sipari\u015finizi teslim al\u0131rken dikkat etmeniz gereken birka\u00e7 konu vard\u0131r. Kargo paketini nas\u0131l teslim almal\u0131y\u0131m? Kargo firmas\u0131 zamanla yar\u0131\u015ft\u0131\u011f\u0131 i\u00e7in \u00fcr\u00fcn\u00fc teslim edip hemen gitmek ister, ancak hassas olan bir konu vard\u0131r. Kargo paketinizi teslim almadan kargo formuna imza at\u0131lmamal\u0131d\u0131r. Kargo tutana\u011f\u0131n\u0131 imzalamadan\u2026<\/p>","protected":false},"author":1,"featured_media":0,"parent":0,"menu_order":0,"comment_status":"closed","ping_status":"closed","template":"","meta":{"_acf_changed":false,"footnotes":""},"class_list":{"0":"post-11256","1":"page","2":"type-page","3":"status-publish","4":"hentry","5":"nt-post-class","6":"","7":"thumb-none","9":"excerpt-none"},"acf":[],"aioseo_notices":[],"_links":{"self":[{"href":"https:\/\/katunofficial.com\/en\/wp-json\/wp\/v2\/pages\/11256","targetHints":{"allow":["GET"]}}],"collection":[{"href":"https:\/\/katunofficial.com\/en\/wp-json\/wp\/v2\/pages"}],"about":[{"href":"https:\/\/katunofficial.com\/en\/wp-json\/wp\/v2\/types\/page"}],"author":[{"embeddable":true,"href":"https:\/\/katunofficial.com\/en\/wp-json\/wp\/v2\/users\/1"}],"replies":[{"embeddable":true,"href":"https:\/\/katunofficial.com\/en\/wp-json\/wp\/v2\/comments?post=11256"}],"version-history":[{"count":3,"href":"https:\/\/katunofficial.com\/en\/wp-json\/wp\/v2\/pages\/11256\/revisions"}],"predecessor-version":[{"id":13058,"href":"https:\/\/katunofficial.com\/en\/wp-json\/wp\/v2\/pages\/11256\/revisions\/13058"}],"wp:attachment":[{"href":"https:\/\/katunofficial.com\/en\/wp-json\/wp\/v2\/media?parent=11256"}],"curies":[{"name":"wp","href":"https:\/\/api.w.org\/{rel}","templated":true}]}}