{"id":12976,"date":"2024-07-15T19:38:20","date_gmt":"2024-07-15T16:38:20","guid":{"rendered":"https:\/\/katunofficial.com\/?page_id=12976"},"modified":"2024-11-01T10:56:39","modified_gmt":"2024-11-01T07:56:39","slug":"satis-noktalarimiz","status":"publish","type":"page","link":"https:\/\/katunofficial.com\/en\/satis-noktalarimiz\/","title":{"rendered":"Our Sales Points"},"content":{"rendered":"<div data-elementor-type=\"wp-page\" data-elementor-id=\"12976\" class=\"elementor elementor-12976\">\n\t\t\t\t<div class=\"gap- elementor-element elementor-element-5360185 e-flex e-con-boxed e-con e-parent\" data-id=\"5360185\" data-element_type=\"container\">\n\t\t\t\t\t<div class=\"e-con-inner\">\n\t\t\t\t<div class=\"elementor-element elementor-element-b54c2f4 goldsmith-transform transform-type-translate elementor-widget elementor-widget-heading\" data-id=\"b54c2f4\" data-element_type=\"widget\" data-widget_type=\"heading.default\">\n\t\t\t\t<div class=\"elementor-widget-container\">\n\t\t\t\t\t<h2 class=\"elementor-heading-title elementor-size-default\">Our Sales Points<\/h2>\t\t\t\t<\/div>\n\t\t\t\t<\/div>\n\t\t\t\t\t<\/div>\n\t\t\t\t<\/div>\n\t\t<div class=\"gap- elementor-element elementor-element-afc9a56 e-grid e-con-boxed e-con e-parent\" data-id=\"afc9a56\" data-element_type=\"container\">\n\t\t\t\t\t<div class=\"e-con-inner\">\n\t\t\t\t<div class=\"elementor-element elementor-element-6d6326c elementor-widget elementor-widget-text-editor\" data-id=\"6d6326c\" data-element_type=\"widget\" data-widget_type=\"text-editor.default\">\n\t\t\t\t<div class=\"elementor-widget-container\">\n\t\t\t\t\t\t\t\t\t<p class=\"has-text-align-center\"><strong>EMAAR SQUARE<\/strong><\/p><p class=\"has-text-align-center\"><strong>Adres<\/strong><\/p><p class=\"has-text-align-center\">\u00dcnalan, Libadiye Caddesi No:88<\/p><p class=\"has-text-align-center\">\u00dcsk\u00fcdar \u2013\u00a0\u0130stanbul\u00a0<\/p><p class=\"has-text-align-center\"><strong>Telefon<\/strong><\/p><p>+90 216 629 50 24<\/p>\t\t\t\t\t\t\t\t<\/div>\n\t\t\t\t<\/div>\n\t\t\t\t<div class=\"elementor-element elementor-element-12db30d elementor-widget elementor-widget-text-editor\" data-id=\"12db30d\" data-element_type=\"widget\" data-widget_type=\"text-editor.default\">\n\t\t\t\t<div class=\"elementor-widget-container\">\n\t\t\t\t\t\t\t\t\t<p class=\"has-text-align-center\"><strong>\u00a0GIZIA GATE\u00a0<\/strong><\/p><p class=\"has-text-align-center\"><strong>Adres<\/strong><\/p><p class=\"has-text-align-center\">Harbiye Mahallesi, 19, Abdi \u0130pek\u00e7i Caddesi\u00a0<\/p><p class=\"has-text-align-center\">\u015ei\u015fli \u2013 \u0130stanbul\u00a0<\/p><p class=\"has-text-align-center\"><strong>Telefon<\/strong><\/p><p class=\"has-text-align-center\"><a href=\"tel: 90 212 234 63 74\">+90 212 234 63 74<\/a><\/p>\t\t\t\t\t\t\t\t<\/div>\n\t\t\t\t<\/div>\n\t\t\t\t<div class=\"elementor-element elementor-element-3ed82cd elementor-widget elementor-widget-text-editor\" data-id=\"3ed82cd\" data-element_type=\"widget\" data-widget_type=\"text-editor.default\">\n\t\t\t\t<div class=\"elementor-widget-container\">\n\t\t\t\t\t\t\t\t\t<p class=\"has-text-align-center\"><strong>YALIKAVAK MARINA<\/strong><\/p><p class=\"has-text-align-center\"><strong>Adres<\/strong><\/p><p class=\"has-text-align-center\">Yal\u0131kavak Marina Merkez Mah.\u00a0\u00c7\u00f6kertme Cad.\u00a0No:6\/2\u00a0<\/p><p class=\"has-text-align-center\">Bodrum \u2013\u00a0Mu\u011fla<\/p><p class=\"has-text-align-center\"><strong>Telefon<\/strong><\/p><p class=\"has-text-align-center\">+90 252 385 30 71<\/p>\t\t\t\t\t\t\t\t<\/div>\n\t\t\t\t<\/div>\n\t\t\t\t\t<\/div>\n\t\t\t\t<\/div>\n\t\t<div class=\"gap- elementor-element elementor-element-c70ff0c e-grid e-con-boxed e-con e-parent\" data-id=\"c70ff0c\" data-element_type=\"container\">\n\t\t\t\t\t<div class=\"e-con-inner\">\n\t\t\t\t<div class=\"elementor-element elementor-element-06e99f0 elementor-widget elementor-widget-text-editor\" data-id=\"06e99f0\" data-element_type=\"widget\" data-widget_type=\"text-editor.default\">\n\t\t\t\t<div class=\"elementor-widget-container\">\n\t\t\t\t\t\t\t\t\t<p class=\"has-text-align-center\"><strong>AQUA FLORYA<\/strong><\/p><p class=\"has-text-align-center\"><strong>Adres<\/strong><\/p><p class=\"has-text-align-center\">\u015eenlikk\u00f6y Mah. Halkal\u0131 Cad. No:93 Kat: 2\/18\u00a0<\/p><p class=\"has-text-align-center\">Florya \u2013 \u0130stanbul\u00a0<\/p><p class=\"has-text-align-center\"><strong>Telefon<\/strong><\/p><p class=\"has-text-align-center\">+90 212 663 53 80<\/p><p class=\"has-text-align-center\">\u00a0<\/p>\t\t\t\t\t\t\t\t<\/div>\n\t\t\t\t<\/div>\n\t\t\t\t<div class=\"elementor-element elementor-element-eb3ba87 elementor-widget elementor-widget-text-editor\" data-id=\"eb3ba87\" data-element_type=\"widget\" data-widget_type=\"text-editor.default\">\n\t\t\t\t<div class=\"elementor-widget-container\">\n\t\t\t\t\t\t\t\t\t<p class=\"has-text-align-center\"><strong>GALATAPORT<\/strong><\/p><p class=\"has-text-align-center\"><strong>Adres<\/strong><\/p><p class=\"has-text-align-center\">K\u0131l\u0131\u00e7ali Pa\u015fa, Meclis-i Mebusan Cad. No:8 D: 102<\/p><p class=\"has-text-align-center\"><strong>Telefon<\/strong><\/p><p class=\"has-text-align-center\">+90 212 871 63 23<\/p>\t\t\t\t\t\t\t\t<\/div>\n\t\t\t\t<\/div>\n\t\t\t\t<div class=\"elementor-element elementor-element-6743a31 elementor-widget elementor-widget-text-editor\" data-id=\"6743a31\" data-element_type=\"widget\" data-widget_type=\"text-editor.default\">\n\t\t\t\t<div class=\"elementor-widget-container\">\n\t\t\t\t\t\t\t\t\t<p class=\"has-text-align-center\"><strong>SUADIYE<\/strong><\/p><p class=\"has-text-align-center\"><strong>Adres<\/strong><\/p><p class=\"has-text-align-center\">Bostanc\u0131, Ba\u011fdat Cad. No:482 D:484A, Kad\u0131k\u00f6y \u2013 \u0130stanbul<\/p><p class=\"has-text-align-center\"><strong>Telefon<\/strong><\/p><p class=\"has-text-align-center\">+90 212 766 56 33<\/p><p class=\"has-text-align-center\">\u00a0<\/p>\t\t\t\t\t\t\t\t<\/div>\n\t\t\t\t<\/div>\n\t\t\t\t\t<\/div>\n\t\t\t\t<\/div>\n\t\t<div class=\"gap- elementor-element elementor-element-e1c00b3 e-grid e-con-boxed e-con e-parent\" data-id=\"e1c00b3\" data-element_type=\"container\">\n\t\t\t\t\t<div class=\"e-con-inner\">\n\t\t\t\t<div class=\"elementor-element elementor-element-c644399 elementor-widget elementor-widget-text-editor\" data-id=\"c644399\" data-element_type=\"widget\" data-widget_type=\"text-editor.default\">\n\t\t\t\t<div class=\"elementor-widget-container\">\n\t\t\t\t\t\t\t\t\t<p class=\"has-text-align-center\"><strong>THE LAND OF LEGENDS<\/strong><\/p><p class=\"has-text-align-center\"><strong>Adres<\/strong><\/p><p class=\"has-text-align-center\">Kadriye Mah., Atat\u00fcrk Cad. No: 104\/24-25-24A 07500<\/p><p class=\"has-text-align-center\">Serik \u2013\u00a0Antalya\u00a0<\/p><p class=\"has-text-align-center\"><strong>Telefon<\/strong><\/p><p class=\"has-text-align-center\">+90 242 725 66 94<\/p><p class=\"has-text-align-center\">\u00a0<\/p>\t\t\t\t\t\t\t\t<\/div>\n\t\t\t\t<\/div>\n\t\t\t\t<div class=\"elementor-element elementor-element-6cd65e5 elementor-widget elementor-widget-text-editor\" data-id=\"6cd65e5\" data-element_type=\"widget\" data-widget_type=\"text-editor.default\">\n\t\t\t\t<div class=\"elementor-widget-container\">\n\t\t\t\t\t\t\t\t\t<p class=\"has-text-align-center\"><strong>SWITZERLAND<\/strong><\/p>\n<p class=\"has-text-align-center\"><strong>Adres<\/strong><\/p>\n<p class=\"has-text-align-center\">LINA\u2019S BOUTIQUE<\/p>\n<p class=\"has-text-align-center\">4, Route De Meinier,\u00a0Geneva-Switzerland<\/p>\n<p class=\"has-text-align-center\"><strong>Telefon<\/strong><\/p>\n<p class=\"has-text-align-center\">+41 22 750 01 90<\/p>\t\t\t\t\t\t\t\t<\/div>\n\t\t\t\t<\/div>\n\t\t\t\t<div class=\"elementor-element elementor-element-4c5bde5 elementor-widget elementor-widget-text-editor\" data-id=\"4c5bde5\" data-element_type=\"widget\" data-widget_type=\"text-editor.default\">\n\t\t\t\t<div class=\"elementor-widget-container\">\n\t\t\t\t\t\t\t\t\t<p class=\"has-text-align-center\"><strong>UNITED ARAB EMIRATES<\/strong><\/p><p class=\"has-text-align-center\"><strong>Adres<\/strong><\/p><p class=\"has-text-align-center\">HANA BOUTIQUE<\/p><p class=\"has-text-align-center\">Al Jurf Area, Al Basra Street,<br \/>House No: 33, P.O.Box 40<br \/>MR Abdulsalam Khalaf Almazrouei<br \/>Ajman \u2013 United Arab Emirates<\/p><p class=\"has-text-align-center\">\u00a0<\/p>\t\t\t\t\t\t\t\t<\/div>\n\t\t\t\t<\/div>\n\t\t\t\t\t<\/div>\n\t\t\t\t<\/div>\n\t\t<div class=\"gap- elementor-element elementor-element-affa061 e-grid e-con-boxed e-con e-parent\" data-id=\"affa061\" data-element_type=\"container\">\n\t\t\t\t\t<div class=\"e-con-inner\">\n\t\t\t\t<div class=\"elementor-element elementor-element-8295902 elementor-widget elementor-widget-text-editor\" data-id=\"8295902\" data-element_type=\"widget\" data-widget_type=\"text-editor.default\">\n\t\t\t\t<div class=\"elementor-widget-container\">\n\t\t\t\t\t\t\t\t\t<p class=\"has-text-align-center\"><strong>AZERBAIJAN<\/strong><\/p>\n<p class=\"has-text-align-center\"><strong>Adres<\/strong><\/p>\n<p class=\"has-text-align-center\">LAVISH CONCEPT STORE<\/p>\n<p class=\"has-text-align-center\">69x Uzeyir Hajibeyov,<br>Baku \u2013 Azerbaijan<\/p>\n<p class=\"has-text-align-center\"><strong>Telefon<\/strong><\/p>\n<p class=\"has-text-align-center\">+994 50 600 04 50<\/p>\n\t\t\t\t\t\t\t\t<\/div>\n\t\t\t\t<\/div>\n\t\t\t\t\t<\/div>\n\t\t\t\t<\/div>\n\t\t\t\t<\/div>","protected":false},"excerpt":{"rendered":"<p>Sat\u0131\u015f Noktalar\u0131m\u0131z EMAAR SQUARE Adres \u00dcnalan, Libadiye Caddesi No:88 \u00dcsk\u00fcdar \u2013\u00a0\u0130stanbul\u00a0 Telefon +90 216 629 50 24 \u00a0GIZIA GATE\u00a0 Adres Harbiye Mahallesi, 19, Abdi \u0130pek\u00e7i Caddesi\u00a0 \u015ei\u015fli \u2013 \u0130stanbul\u00a0 Telefon +90 212 234 63 74 YALIKAVAK MARINA Adres Yal\u0131kavak Marina Merkez Mah.\u00a0\u00c7\u00f6kertme Cad.\u00a0No:6\/2\u00a0 Bodrum \u2013\u00a0Mu\u011fla Telefon +90 252 385 30 71 AQUA FLORYA Adres \u015eenlikk\u00f6y\u2026<\/p>","protected":false},"author":43,"featured_media":0,"parent":0,"menu_order":0,"comment_status":"closed","ping_status":"closed","template":"","meta":{"_acf_changed":false,"footnotes":""},"class_list":{"0":"post-12976","1":"page","2":"type-page","3":"status-publish","4":"hentry","5":"nt-post-class","6":"","7":"thumb-none","9":"excerpt-none"},"acf":[],"aioseo_notices":[],"_links":{"self":[{"href":"https:\/\/katunofficial.com\/en\/wp-json\/wp\/v2\/pages\/12976","targetHints":{"allow":["GET"]}}],"collection":[{"href":"https:\/\/katunofficial.com\/en\/wp-json\/wp\/v2\/pages"}],"about":[{"href":"https:\/\/katunofficial.com\/en\/wp-json\/wp\/v2\/types\/page"}],"author":[{"embeddable":true,"href":"https:\/\/katunofficial.com\/en\/wp-json\/wp\/v2\/users\/43"}],"replies":[{"embeddable":true,"href":"https:\/\/katunofficial.com\/en\/wp-json\/wp\/v2\/comments?post=12976"}],"version-history":[{"count":26,"href":"https:\/\/katunofficial.com\/en\/wp-json\/wp\/v2\/pages\/12976\/revisions"}],"predecessor-version":[{"id":14317,"href":"https:\/\/katunofficial.com\/en\/wp-json\/wp\/v2\/pages\/12976\/revisions\/14317"}],"wp:attachment":[{"href":"https:\/\/katunofficial.com\/en\/wp-json\/wp\/v2\/media?parent=12976"}],"curies":[{"name":"wp","href":"https:\/\/api.w.org\/{rel}","templated":true}]}}