{"id":12979,"date":"2024-07-15T19:41:23","date_gmt":"2024-07-15T16:41:23","guid":{"rendered":"https:\/\/katunofficial.com\/?page_id=12979"},"modified":"2024-11-01T20:24:19","modified_gmt":"2024-11-01T17:24:19","slug":"el-ustaligi","status":"publish","type":"page","link":"https:\/\/katunofficial.com\/en\/el-ustaligi\/","title":{"rendered":"Hand Dexterity"},"content":{"rendered":"<p>Today, mechanization that has developed due to technology has caused the extinction of many handicrafts.<\/p><p>We set out to ensure that these values \u200b\u200bare passed on to future generations.<\/p><p>When we look at the aesthetic, quality, hand embroidery made by our grandmothers, we sigh and say what kind of \u201chand labor\u201d. Because art is the ability to reflect one's feelings and thoughts in this way through any means. First of all, they are the ones who know this handicraft the best.<\/p><p>Knitting has always been among the hobbies that every woman has engaged in at some point in her life. Knitting has a history dating back to ancient times. Although the knitted models have changed depending on fashion, the same simple tools have been used in the art of knitting. It is true that the magnificence of the work that is produced as a result of the labor required makes one forget this fatigue and turns into a pleasure.<\/p><p>This reality causes new ideas to emerge and creative thoughts to emerge.<\/p><p>We, as a team, saw that knitted belts and sashes were indispensable complementary accessories in old Turkish clothing and we wanted to bring them to the present day.<\/p><p>In ancient Turks, men used belts and women used belts. These belts were simple and elegant, but they differed in the way they were tied.<\/p><p>Over time, this complementary role of the belt in clothing has survived to the present day. So much so that;<\/p><p>A beautiful belt can take your outfit to a whole new level of fashion. Belts can be multipurpose, but finding the right belt is more difficult than finding the perfect shoes. With this understanding, from another point of view, art is to reveal the beauty that exists in nature. We said let's continue on the road with straw paper rope and we determined our raw material. No matter how difficult it was to make, the products that emerged were very pleasing. Our KATUN belts consisting of 100% leather, handmade and natural wicker were produced with 100% leather, handmade and natural wicker with its aesthetic, quality and minimal stance with the power of combining knitting and leather by our leather masters who add life to our knitting.<\/p><p><\/p>","protected":false},"excerpt":{"rendered":"<p>G\u00fcn\u00fcm\u00fczde teknolojiye ba\u011fl\u0131 olarak geli\u015fen makinele\u015fme bir\u00e7ok el sanat\u0131n\u0131n yok olmas\u0131na sebep olmu\u015ftur. Biz bu de\u011ferlerimizin gelecek ku\u015faklara aktar\u0131lmas\u0131n\u0131 sa\u011flamak amac\u0131yla yola \u00e7\u0131kt\u0131k. Estetik,kalitelin, babaannelerimizin yapt\u0131\u011f\u0131 el i\u015flemelerine bakt\u0131\u011f\u0131m\u0131zda i\u00e7 \u00e7ekerek nas\u0131l bir \u201cel eme\u011fi g\u00f6z nuru\u201d diyoruz. \u00c7\u00fcnk\u00fc sanat insan\u0131n duygu ve d\u00fc\u015f\u00fcncelerini herhangi bir ara\u00e7 yoluyla bu \u015fekilde yans\u0131tabilmesidir. \u00d6ncelikle onlarda bu el\u2026<\/p>","protected":false},"author":43,"featured_media":0,"parent":0,"menu_order":0,"comment_status":"closed","ping_status":"closed","template":"","meta":{"_acf_changed":false,"footnotes":""},"class_list":{"0":"post-12979","1":"page","2":"type-page","3":"status-publish","4":"hentry","5":"nt-post-class","6":"","7":"thumb-none","9":"excerpt-none"},"acf":[],"aioseo_notices":[],"_links":{"self":[{"href":"https:\/\/katunofficial.com\/en\/wp-json\/wp\/v2\/pages\/12979","targetHints":{"allow":["GET"]}}],"collection":[{"href":"https:\/\/katunofficial.com\/en\/wp-json\/wp\/v2\/pages"}],"about":[{"href":"https:\/\/katunofficial.com\/en\/wp-json\/wp\/v2\/types\/page"}],"author":[{"embeddable":true,"href":"https:\/\/katunofficial.com\/en\/wp-json\/wp\/v2\/users\/43"}],"replies":[{"embeddable":true,"href":"https:\/\/katunofficial.com\/en\/wp-json\/wp\/v2\/comments?post=12979"}],"version-history":[{"count":32,"href":"https:\/\/katunofficial.com\/en\/wp-json\/wp\/v2\/pages\/12979\/revisions"}],"predecessor-version":[{"id":14352,"href":"https:\/\/katunofficial.com\/en\/wp-json\/wp\/v2\/pages\/12979\/revisions\/14352"}],"wp:attachment":[{"href":"https:\/\/katunofficial.com\/en\/wp-json\/wp\/v2\/media?parent=12979"}],"curies":[{"name":"wp","href":"https:\/\/api.w.org\/{rel}","templated":true}]}}