{"id":12786,"date":"2024-07-15T16:07:34","date_gmt":"2024-07-15T13:07:34","guid":{"rendered":"https:\/\/katunofficial.com\/?post_type=product&#038;p=12786"},"modified":"2025-12-29T19:27:07","modified_gmt":"2025-12-29T16:27:07","slug":"crystal-jasmin-corset-camel","status":"publish","type":"product","link":"https:\/\/katunofficial.com\/en\/product\/crystal-jasmin-corset-camel\/","title":{"rendered":"Crystal Jasmin Corset Camel"},"content":{"rendered":"<p><strong>Crystal Jasmin Corset Camel korse<\/strong>, do\u011fal camel tonu ve zarif kristal detaylarla s\u00fcsl\u00fc, sofistike bir dokunu\u015f sunar.<\/p>","protected":false},"excerpt":{"rendered":"<p>Crystal Jasmin Corset Camel korse, do\u011fal camel tonu ve zarif kristal detaylarla s\u00fcsl\u00fc, sofistike bir dokunu\u015f sunar.<\/p>","protected":false},"featured_media":14141,"comment_status":"open","ping_status":"closed","template":"","meta":{"_acf_changed":false},"product_cat":[181],"product_tag":[],"class_list":{"0":"post-12786","1":"product","2":"type-product","3":"status-publish","4":"has-post-thumbnail","6":"product_cat-corset","7":"nt-post-class","8":"","11":"excerpt-none","14":"first","15":"instock","16":"taxable","17":"shipping-taxable","18":"purchasable","19":"product-type-simple"},"acf":[],"aioseo_notices":[],"_links":{"self":[{"href":"https:\/\/katunofficial.com\/en\/wp-json\/wp\/v2\/product\/12786","targetHints":{"allow":["GET"]}}],"collection":[{"href":"https:\/\/katunofficial.com\/en\/wp-json\/wp\/v2\/product"}],"about":[{"href":"https:\/\/katunofficial.com\/en\/wp-json\/wp\/v2\/types\/product"}],"replies":[{"embeddable":true,"href":"https:\/\/katunofficial.com\/en\/wp-json\/wp\/v2\/comments?post=12786"}],"version-history":[{"count":7,"href":"https:\/\/katunofficial.com\/en\/wp-json\/wp\/v2\/product\/12786\/revisions"}],"predecessor-version":[{"id":13576,"href":"https:\/\/katunofficial.com\/en\/wp-json\/wp\/v2\/product\/12786\/revisions\/13576"}],"wp:featuredmedia":[{"embeddable":true,"href":"https:\/\/katunofficial.com\/en\/wp-json\/wp\/v2\/media\/14141"}],"wp:attachment":[{"href":"https:\/\/katunofficial.com\/en\/wp-json\/wp\/v2\/media?parent=12786"}],"wp:term":[{"taxonomy":"product_cat","embeddable":true,"href":"https:\/\/katunofficial.com\/en\/wp-json\/wp\/v2\/product_cat?post=12786"},{"taxonomy":"product_tag","embeddable":true,"href":"https:\/\/katunofficial.com\/en\/wp-json\/wp\/v2\/product_tag?post=12786"}],"curies":[{"name":"wp","href":"https:\/\/api.w.org\/{rel}","templated":true}]}}