{"id":12791,"date":"2024-07-15T16:10:47","date_gmt":"2024-07-15T13:10:47","guid":{"rendered":"https:\/\/katunofficial.com\/?post_type=product&#038;p=12791"},"modified":"2025-12-29T19:26:55","modified_gmt":"2025-12-29T16:26:55","slug":"crystal-jasmin-corset-silver","status":"publish","type":"product","link":"https:\/\/katunofficial.com\/en\/product\/crystal-jasmin-corset-silver\/","title":{"rendered":"Crystal Jasmin Corset Silver"},"content":{"rendered":"<p><strong>Crystal Jasmin Corset Silver korse<\/strong>, zarif g\u00fcm\u00fc\u015f tonu ve kristal detaylarla s\u00fcsl\u00fc, modern bir \u015f\u0131kl\u0131k sunar.<\/p>","protected":false},"excerpt":{"rendered":"<p>Crystal Jasmin Corset Silver korse, zarif g\u00fcm\u00fc\u015f tonu ve kristal detaylarla s\u00fcsl\u00fc, modern bir \u015f\u0131kl\u0131k sunar.<\/p>","protected":false},"featured_media":14140,"comment_status":"open","ping_status":"closed","template":"","meta":{"_acf_changed":false},"product_cat":[181],"product_tag":[],"class_list":{"0":"post-12791","1":"product","2":"type-product","3":"status-publish","4":"has-post-thumbnail","6":"product_cat-corset","7":"nt-post-class","8":"","11":"excerpt-none","14":"first","15":"instock","16":"taxable","17":"shipping-taxable","18":"purchasable","19":"product-type-simple"},"acf":[],"aioseo_notices":[],"_links":{"self":[{"href":"https:\/\/katunofficial.com\/en\/wp-json\/wp\/v2\/product\/12791","targetHints":{"allow":["GET"]}}],"collection":[{"href":"https:\/\/katunofficial.com\/en\/wp-json\/wp\/v2\/product"}],"about":[{"href":"https:\/\/katunofficial.com\/en\/wp-json\/wp\/v2\/types\/product"}],"replies":[{"embeddable":true,"href":"https:\/\/katunofficial.com\/en\/wp-json\/wp\/v2\/comments?post=12791"}],"version-history":[{"count":6,"href":"https:\/\/katunofficial.com\/en\/wp-json\/wp\/v2\/product\/12791\/revisions"}],"predecessor-version":[{"id":13575,"href":"https:\/\/katunofficial.com\/en\/wp-json\/wp\/v2\/product\/12791\/revisions\/13575"}],"wp:featuredmedia":[{"embeddable":true,"href":"https:\/\/katunofficial.com\/en\/wp-json\/wp\/v2\/media\/14140"}],"wp:attachment":[{"href":"https:\/\/katunofficial.com\/en\/wp-json\/wp\/v2\/media?parent=12791"}],"wp:term":[{"taxonomy":"product_cat","embeddable":true,"href":"https:\/\/katunofficial.com\/en\/wp-json\/wp\/v2\/product_cat?post=12791"},{"taxonomy":"product_tag","embeddable":true,"href":"https:\/\/katunofficial.com\/en\/wp-json\/wp\/v2\/product_tag?post=12791"}],"curies":[{"name":"wp","href":"https:\/\/api.w.org\/{rel}","templated":true}]}}