{"id":12798,"date":"2024-07-15T16:19:50","date_gmt":"2024-07-15T13:19:50","guid":{"rendered":"https:\/\/katunofficial.com\/?post_type=product&#038;p=12798"},"modified":"2025-12-29T19:26:43","modified_gmt":"2025-12-29T16:26:43","slug":"crystal-jasmin-corset-black","status":"publish","type":"product","link":"https:\/\/katunofficial.com\/en\/product\/crystal-jasmin-corset-black\/","title":{"rendered":"Crystal Jasmin Corset Black"},"content":{"rendered":"<p><strong>Crystal Jasmin Corset Black korse<\/strong>, \u015f\u0131k siyah tonunda ve kristal detaylarla s\u00fcsl\u00fc, zarif bir g\u00f6r\u00fcn\u00fcm sunar.<\/p>","protected":false},"excerpt":{"rendered":"<p>Crystal Jasmin Corset Black korse, \u015f\u0131k siyah tonunda ve kristal detaylarla s\u00fcsl\u00fc, zarif bir g\u00f6r\u00fcn\u00fcm sunar.<\/p>","protected":false},"featured_media":14139,"comment_status":"open","ping_status":"closed","template":"","meta":{"_acf_changed":false},"product_cat":[181],"product_tag":[],"class_list":{"0":"post-12798","1":"product","2":"type-product","3":"status-publish","4":"has-post-thumbnail","6":"product_cat-corset","7":"nt-post-class","8":"","11":"excerpt-none","14":"first","15":"instock","16":"taxable","17":"shipping-taxable","18":"purchasable","19":"product-type-simple"},"acf":[],"aioseo_notices":[],"_links":{"self":[{"href":"https:\/\/katunofficial.com\/en\/wp-json\/wp\/v2\/product\/12798","targetHints":{"allow":["GET"]}}],"collection":[{"href":"https:\/\/katunofficial.com\/en\/wp-json\/wp\/v2\/product"}],"about":[{"href":"https:\/\/katunofficial.com\/en\/wp-json\/wp\/v2\/types\/product"}],"replies":[{"embeddable":true,"href":"https:\/\/katunofficial.com\/en\/wp-json\/wp\/v2\/comments?post=12798"}],"version-history":[{"count":5,"href":"https:\/\/katunofficial.com\/en\/wp-json\/wp\/v2\/product\/12798\/revisions"}],"predecessor-version":[{"id":13574,"href":"https:\/\/katunofficial.com\/en\/wp-json\/wp\/v2\/product\/12798\/revisions\/13574"}],"wp:featuredmedia":[{"embeddable":true,"href":"https:\/\/katunofficial.com\/en\/wp-json\/wp\/v2\/media\/14139"}],"wp:attachment":[{"href":"https:\/\/katunofficial.com\/en\/wp-json\/wp\/v2\/media?parent=12798"}],"wp:term":[{"taxonomy":"product_cat","embeddable":true,"href":"https:\/\/katunofficial.com\/en\/wp-json\/wp\/v2\/product_cat?post=12798"},{"taxonomy":"product_tag","embeddable":true,"href":"https:\/\/katunofficial.com\/en\/wp-json\/wp\/v2\/product_tag?post=12798"}],"curies":[{"name":"wp","href":"https:\/\/api.w.org\/{rel}","templated":true}]}}