{"id":12802,"date":"2024-07-15T16:26:20","date_gmt":"2024-07-15T13:26:20","guid":{"rendered":"https:\/\/katunofficial.com\/?post_type=product&#038;p=12802"},"modified":"2025-12-29T19:26:30","modified_gmt":"2025-12-29T16:26:30","slug":"crystal-jasmin-corset-camel-gold","status":"publish","type":"product","link":"https:\/\/katunofficial.com\/en\/product\/crystal-jasmin-corset-camel-gold\/","title":{"rendered":"Crystal Jasmin Corset Camel-Gold"},"content":{"rendered":"<p><strong>Crystal Jasmin Corset Camel-Gold korse<\/strong>, l\u00fcks camel ve alt\u0131n renk kombinasyonu, zarif kristal s\u00fcslemelerle tamamlanm\u0131\u015f, her k\u0131yafete \u0131\u015f\u0131lt\u0131l\u0131 bir dokunu\u015f kat\u0131yor.<\/p>","protected":false},"excerpt":{"rendered":"<p>Crystal Jasmin Corset Camel-Gold korse, l\u00fcks camel ve alt\u0131n renk kombinasyonu, zarif kristal s\u00fcslemelerle tamamlanm\u0131\u015f, her k\u0131yafete \u0131\u015f\u0131lt\u0131l\u0131 bir dokunu\u015f kat\u0131yor.<\/p>","protected":false},"featured_media":14138,"comment_status":"open","ping_status":"closed","template":"","meta":{"_acf_changed":false},"product_cat":[181],"product_tag":[],"class_list":{"0":"post-12802","1":"product","2":"type-product","3":"status-publish","4":"has-post-thumbnail","6":"product_cat-corset","7":"nt-post-class","8":"","11":"excerpt-none","14":"first","15":"instock","16":"taxable","17":"shipping-taxable","18":"purchasable","19":"product-type-simple"},"acf":[],"aioseo_notices":[],"_links":{"self":[{"href":"https:\/\/katunofficial.com\/en\/wp-json\/wp\/v2\/product\/12802","targetHints":{"allow":["GET"]}}],"collection":[{"href":"https:\/\/katunofficial.com\/en\/wp-json\/wp\/v2\/product"}],"about":[{"href":"https:\/\/katunofficial.com\/en\/wp-json\/wp\/v2\/types\/product"}],"replies":[{"embeddable":true,"href":"https:\/\/katunofficial.com\/en\/wp-json\/wp\/v2\/comments?post=12802"}],"version-history":[{"count":4,"href":"https:\/\/katunofficial.com\/en\/wp-json\/wp\/v2\/product\/12802\/revisions"}],"predecessor-version":[{"id":13573,"href":"https:\/\/katunofficial.com\/en\/wp-json\/wp\/v2\/product\/12802\/revisions\/13573"}],"wp:featuredmedia":[{"embeddable":true,"href":"https:\/\/katunofficial.com\/en\/wp-json\/wp\/v2\/media\/14138"}],"wp:attachment":[{"href":"https:\/\/katunofficial.com\/en\/wp-json\/wp\/v2\/media?parent=12802"}],"wp:term":[{"taxonomy":"product_cat","embeddable":true,"href":"https:\/\/katunofficial.com\/en\/wp-json\/wp\/v2\/product_cat?post=12802"},{"taxonomy":"product_tag","embeddable":true,"href":"https:\/\/katunofficial.com\/en\/wp-json\/wp\/v2\/product_tag?post=12802"}],"curies":[{"name":"wp","href":"https:\/\/api.w.org\/{rel}","templated":true}]}}