{"id":12818,"date":"2024-07-15T16:42:39","date_gmt":"2024-07-15T13:42:39","guid":{"rendered":"https:\/\/katunofficial.com\/?post_type=product&#038;p=12818"},"modified":"2025-12-29T19:26:08","modified_gmt":"2025-12-29T16:26:08","slug":"crystal-jasmin-corset-white-camel","status":"publish","type":"product","link":"https:\/\/katunofficial.com\/en\/product\/crystal-jasmin-corset-white-camel\/","title":{"rendered":"Crystal Jasmin Corset White-Camel"},"content":{"rendered":"<p><strong>Crystal Jasmin Corset White-Camel korse<\/strong>, zarif beyaz ve camel renk kombinasyonu ile, kristal detaylarla s\u00fcsl\u00fc, sofistike bir dokunu\u015f sunar.<\/p>","protected":false},"excerpt":{"rendered":"<p>Crystal Jasmin Corset White-Camel corset offers a sophisticated touch with its elegant white and camel color combination, adorned with crystal details.<\/p>","protected":false},"featured_media":14136,"comment_status":"open","ping_status":"closed","template":"","meta":{"_acf_changed":false},"product_cat":[181],"product_tag":[],"class_list":{"0":"post-12818","1":"product","2":"type-product","3":"status-publish","4":"has-post-thumbnail","6":"product_cat-corset","7":"nt-post-class","8":"","11":"excerpt-none","14":"first","15":"instock","16":"taxable","17":"shipping-taxable","18":"purchasable","19":"product-type-simple"},"acf":[],"aioseo_notices":[],"_links":{"self":[{"href":"https:\/\/katunofficial.com\/en\/wp-json\/wp\/v2\/product\/12818","targetHints":{"allow":["GET"]}}],"collection":[{"href":"https:\/\/katunofficial.com\/en\/wp-json\/wp\/v2\/product"}],"about":[{"href":"https:\/\/katunofficial.com\/en\/wp-json\/wp\/v2\/types\/product"}],"replies":[{"embeddable":true,"href":"https:\/\/katunofficial.com\/en\/wp-json\/wp\/v2\/comments?post=12818"}],"version-history":[{"count":4,"href":"https:\/\/katunofficial.com\/en\/wp-json\/wp\/v2\/product\/12818\/revisions"}],"predecessor-version":[{"id":13571,"href":"https:\/\/katunofficial.com\/en\/wp-json\/wp\/v2\/product\/12818\/revisions\/13571"}],"wp:featuredmedia":[{"embeddable":true,"href":"https:\/\/katunofficial.com\/en\/wp-json\/wp\/v2\/media\/14136"}],"wp:attachment":[{"href":"https:\/\/katunofficial.com\/en\/wp-json\/wp\/v2\/media?parent=12818"}],"wp:term":[{"taxonomy":"product_cat","embeddable":true,"href":"https:\/\/katunofficial.com\/en\/wp-json\/wp\/v2\/product_cat?post=12818"},{"taxonomy":"product_tag","embeddable":true,"href":"https:\/\/katunofficial.com\/en\/wp-json\/wp\/v2\/product_tag?post=12818"}],"curies":[{"name":"wp","href":"https:\/\/api.w.org\/{rel}","templated":true}]}}