{"id":12820,"date":"2024-07-15T16:44:02","date_gmt":"2024-07-15T13:44:02","guid":{"rendered":"https:\/\/katunofficial.com\/?post_type=product&#038;p=12820"},"modified":"2025-12-29T19:25:50","modified_gmt":"2025-12-29T16:25:50","slug":"crystal-diana-belt-yellow","status":"publish","type":"product","link":"https:\/\/katunofficial.com\/en\/product\/crystal-diana-belt-yellow\/","title":{"rendered":"Crystal Diana Belt Yellow"},"content":{"rendered":"<p><strong>Crystal Diana Belt Yellow<\/strong>, canl\u0131 sar\u0131 tonu ve \u015f\u0131k kristal detaylarla, k\u0131yafetlere ne\u015feli bir dokunu\u015f sunar.<\/p>","protected":false},"excerpt":{"rendered":"<p>Crystal Diana Belt Yellow offers a cheerful touch to clothes with its vibrant yellow tone and stylish crystal details.<\/p>","protected":false},"featured_media":14135,"comment_status":"open","ping_status":"closed","template":"","meta":{"_acf_changed":false},"product_cat":[205],"product_tag":[],"class_list":{"0":"post-12820","1":"product","2":"type-product","3":"status-publish","4":"has-post-thumbnail","6":"product_cat-raffia-belts","7":"nt-post-class","8":"","11":"excerpt-none","14":"first","15":"instock","16":"taxable","17":"shipping-taxable","18":"purchasable","19":"product-type-simple"},"acf":[],"aioseo_notices":[],"_links":{"self":[{"href":"https:\/\/katunofficial.com\/en\/wp-json\/wp\/v2\/product\/12820","targetHints":{"allow":["GET"]}}],"collection":[{"href":"https:\/\/katunofficial.com\/en\/wp-json\/wp\/v2\/product"}],"about":[{"href":"https:\/\/katunofficial.com\/en\/wp-json\/wp\/v2\/types\/product"}],"replies":[{"embeddable":true,"href":"https:\/\/katunofficial.com\/en\/wp-json\/wp\/v2\/comments?post=12820"}],"version-history":[{"count":4,"href":"https:\/\/katunofficial.com\/en\/wp-json\/wp\/v2\/product\/12820\/revisions"}],"predecessor-version":[{"id":13570,"href":"https:\/\/katunofficial.com\/en\/wp-json\/wp\/v2\/product\/12820\/revisions\/13570"}],"wp:featuredmedia":[{"embeddable":true,"href":"https:\/\/katunofficial.com\/en\/wp-json\/wp\/v2\/media\/14135"}],"wp:attachment":[{"href":"https:\/\/katunofficial.com\/en\/wp-json\/wp\/v2\/media?parent=12820"}],"wp:term":[{"taxonomy":"product_cat","embeddable":true,"href":"https:\/\/katunofficial.com\/en\/wp-json\/wp\/v2\/product_cat?post=12820"},{"taxonomy":"product_tag","embeddable":true,"href":"https:\/\/katunofficial.com\/en\/wp-json\/wp\/v2\/product_tag?post=12820"}],"curies":[{"name":"wp","href":"https:\/\/api.w.org\/{rel}","templated":true}]}}