{"id":12828,"date":"2024-07-15T16:48:15","date_gmt":"2024-07-15T13:48:15","guid":{"rendered":"https:\/\/katunofficial.com\/?post_type=product&#038;p=12828"},"modified":"2025-12-29T19:24:44","modified_gmt":"2025-12-29T16:24:44","slug":"crystal-diana-belt-silver","status":"publish","type":"product","link":"https:\/\/katunofficial.com\/en\/product\/crystal-diana-belt-silver\/","title":{"rendered":"Crystal Diana Belt Silver"},"content":{"rendered":"<p><strong>Crystal Diana Belt Silver<\/strong>, modern g\u00fcm\u00fc\u015f tonu ve kristal detaylarla, k\u0131yafetlere parlak bir \u0131\u015f\u0131lt\u0131 katar.<\/p>","protected":false},"excerpt":{"rendered":"<p>Crystal Diana Belt Silver adds a bright sparkle to clothes with its modern silver tone and crystal details.<\/p>","protected":false},"featured_media":14130,"comment_status":"open","ping_status":"closed","template":"","meta":{"_acf_changed":false},"product_cat":[205],"product_tag":[],"class_list":{"0":"post-12828","1":"product","2":"type-product","3":"status-publish","4":"has-post-thumbnail","6":"product_cat-raffia-belts","7":"nt-post-class","8":"","11":"excerpt-none","14":"first","15":"instock","16":"taxable","17":"shipping-taxable","18":"purchasable","19":"product-type-simple"},"acf":[],"aioseo_notices":[],"_links":{"self":[{"href":"https:\/\/katunofficial.com\/en\/wp-json\/wp\/v2\/product\/12828","targetHints":{"allow":["GET"]}}],"collection":[{"href":"https:\/\/katunofficial.com\/en\/wp-json\/wp\/v2\/product"}],"about":[{"href":"https:\/\/katunofficial.com\/en\/wp-json\/wp\/v2\/types\/product"}],"replies":[{"embeddable":true,"href":"https:\/\/katunofficial.com\/en\/wp-json\/wp\/v2\/comments?post=12828"}],"version-history":[{"count":4,"href":"https:\/\/katunofficial.com\/en\/wp-json\/wp\/v2\/product\/12828\/revisions"}],"predecessor-version":[{"id":13565,"href":"https:\/\/katunofficial.com\/en\/wp-json\/wp\/v2\/product\/12828\/revisions\/13565"}],"wp:featuredmedia":[{"embeddable":true,"href":"https:\/\/katunofficial.com\/en\/wp-json\/wp\/v2\/media\/14130"}],"wp:attachment":[{"href":"https:\/\/katunofficial.com\/en\/wp-json\/wp\/v2\/media?parent=12828"}],"wp:term":[{"taxonomy":"product_cat","embeddable":true,"href":"https:\/\/katunofficial.com\/en\/wp-json\/wp\/v2\/product_cat?post=12828"},{"taxonomy":"product_tag","embeddable":true,"href":"https:\/\/katunofficial.com\/en\/wp-json\/wp\/v2\/product_tag?post=12828"}],"curies":[{"name":"wp","href":"https:\/\/api.w.org\/{rel}","templated":true}]}}