{"id":12829,"date":"2024-07-15T16:48:19","date_gmt":"2024-07-15T13:48:19","guid":{"rendered":"https:\/\/katunofficial.com\/?post_type=product&#038;p=12829"},"modified":"2025-12-29T19:24:30","modified_gmt":"2025-12-29T16:24:30","slug":"crystal-diana-belt-red","status":"publish","type":"product","link":"https:\/\/katunofficial.com\/en\/product\/crystal-diana-belt-red\/","title":{"rendered":"Crystal Diana Belt Red"},"content":{"rendered":"<p><strong>Crystal Diana Belt Red<\/strong>, canl\u0131 k\u0131rm\u0131z\u0131 tonu ve kristal detaylarla, tutkulu bir dokunu\u015f sunar.<\/p>","protected":false},"excerpt":{"rendered":"<p>Crystal Diana Belt Red, canl\u0131 k\u0131rm\u0131z\u0131 tonu ve kristal detaylarla, tutkulu bir dokunu\u015f sunar.<\/p>","protected":false},"featured_media":14129,"comment_status":"open","ping_status":"closed","template":"","meta":{"_acf_changed":false},"product_cat":[205],"product_tag":[],"class_list":{"0":"post-12829","1":"product","2":"type-product","3":"status-publish","4":"has-post-thumbnail","6":"product_cat-raffia-belts","7":"nt-post-class","8":"","11":"excerpt-none","14":"first","15":"instock","16":"taxable","17":"shipping-taxable","18":"purchasable","19":"product-type-simple"},"acf":[],"aioseo_notices":[],"_links":{"self":[{"href":"https:\/\/katunofficial.com\/en\/wp-json\/wp\/v2\/product\/12829","targetHints":{"allow":["GET"]}}],"collection":[{"href":"https:\/\/katunofficial.com\/en\/wp-json\/wp\/v2\/product"}],"about":[{"href":"https:\/\/katunofficial.com\/en\/wp-json\/wp\/v2\/types\/product"}],"replies":[{"embeddable":true,"href":"https:\/\/katunofficial.com\/en\/wp-json\/wp\/v2\/comments?post=12829"}],"version-history":[{"count":4,"href":"https:\/\/katunofficial.com\/en\/wp-json\/wp\/v2\/product\/12829\/revisions"}],"predecessor-version":[{"id":13564,"href":"https:\/\/katunofficial.com\/en\/wp-json\/wp\/v2\/product\/12829\/revisions\/13564"}],"wp:featuredmedia":[{"embeddable":true,"href":"https:\/\/katunofficial.com\/en\/wp-json\/wp\/v2\/media\/14129"}],"wp:attachment":[{"href":"https:\/\/katunofficial.com\/en\/wp-json\/wp\/v2\/media?parent=12829"}],"wp:term":[{"taxonomy":"product_cat","embeddable":true,"href":"https:\/\/katunofficial.com\/en\/wp-json\/wp\/v2\/product_cat?post=12829"},{"taxonomy":"product_tag","embeddable":true,"href":"https:\/\/katunofficial.com\/en\/wp-json\/wp\/v2\/product_tag?post=12829"}],"curies":[{"name":"wp","href":"https:\/\/api.w.org\/{rel}","templated":true}]}}