{"id":12848,"date":"2024-07-15T17:16:47","date_gmt":"2024-07-15T14:16:47","guid":{"rendered":"https:\/\/katunofficial.com\/?post_type=product&#038;p=12848"},"modified":"2025-12-29T19:24:02","modified_gmt":"2025-12-29T16:24:02","slug":"aphrodite-leather-belt-black","status":"publish","type":"product","link":"https:\/\/katunofficial.com\/en\/product\/aphrodite-leather-belt-black\/","title":{"rendered":"Aphrodite Leather Belt Black"},"content":{"rendered":"<p><strong>Aphrodite Leather Belt Black<\/strong>, l\u00fcks siyah deri ve zarif tasar\u0131m\u0131 ile, her k\u0131yafete klasik bir dokunu\u015f sunar.<\/p>","protected":false},"excerpt":{"rendered":"<p>Aphrodite Leather Belt Black, l\u00fcks siyah deri ve zarif tasar\u0131m\u0131 ile, her k\u0131yafete klasik bir dokunu\u015f sunar.<\/p>","protected":false},"featured_media":14128,"comment_status":"open","ping_status":"closed","template":"","meta":{"_acf_changed":false},"product_cat":[178],"product_tag":[],"class_list":{"0":"post-12848","1":"product","2":"type-product","3":"status-publish","4":"has-post-thumbnail","6":"product_cat-leather-belts","7":"nt-post-class","8":"","11":"excerpt-none","14":"first","15":"instock","16":"taxable","17":"shipping-taxable","18":"purchasable","19":"product-type-simple"},"acf":[],"aioseo_notices":[],"_links":{"self":[{"href":"https:\/\/katunofficial.com\/en\/wp-json\/wp\/v2\/product\/12848","targetHints":{"allow":["GET"]}}],"collection":[{"href":"https:\/\/katunofficial.com\/en\/wp-json\/wp\/v2\/product"}],"about":[{"href":"https:\/\/katunofficial.com\/en\/wp-json\/wp\/v2\/types\/product"}],"replies":[{"embeddable":true,"href":"https:\/\/katunofficial.com\/en\/wp-json\/wp\/v2\/comments?post=12848"}],"version-history":[{"count":4,"href":"https:\/\/katunofficial.com\/en\/wp-json\/wp\/v2\/product\/12848\/revisions"}],"predecessor-version":[{"id":13563,"href":"https:\/\/katunofficial.com\/en\/wp-json\/wp\/v2\/product\/12848\/revisions\/13563"}],"wp:featuredmedia":[{"embeddable":true,"href":"https:\/\/katunofficial.com\/en\/wp-json\/wp\/v2\/media\/14128"}],"wp:attachment":[{"href":"https:\/\/katunofficial.com\/en\/wp-json\/wp\/v2\/media?parent=12848"}],"wp:term":[{"taxonomy":"product_cat","embeddable":true,"href":"https:\/\/katunofficial.com\/en\/wp-json\/wp\/v2\/product_cat?post=12848"},{"taxonomy":"product_tag","embeddable":true,"href":"https:\/\/katunofficial.com\/en\/wp-json\/wp\/v2\/product_tag?post=12848"}],"curies":[{"name":"wp","href":"https:\/\/api.w.org\/{rel}","templated":true}]}}