{"id":12853,"date":"2024-07-15T17:20:34","date_gmt":"2024-07-15T14:20:34","guid":{"rendered":"https:\/\/katunofficial.com\/?post_type=product&#038;p=12853"},"modified":"2025-12-29T19:23:50","modified_gmt":"2025-12-29T16:23:50","slug":"aphrodite-leather-belt-camel","status":"publish","type":"product","link":"https:\/\/katunofficial.com\/en\/product\/aphrodite-leather-belt-camel\/","title":{"rendered":"Aphrodite Leather Belt Camel"},"content":{"rendered":"<p><strong>Aphrodite Leather Belt Camel<\/strong>, s\u0131cak camel tonundaki derisi ve \u015f\u0131k tasar\u0131m\u0131 ile, her kombini zarif\u00e7e tamamlar.<\/p>","protected":false},"excerpt":{"rendered":"<p>Aphrodite Leather Belt Camel, s\u0131cak camel tonundaki derisi ve \u015f\u0131k tasar\u0131m\u0131 ile, her kombini zarif\u00e7e tamamlar.<\/p>","protected":false},"featured_media":14127,"comment_status":"open","ping_status":"closed","template":"","meta":{"_acf_changed":false},"product_cat":[178],"product_tag":[],"class_list":{"0":"post-12853","1":"product","2":"type-product","3":"status-publish","4":"has-post-thumbnail","6":"product_cat-leather-belts","7":"nt-post-class","8":"","11":"excerpt-none","14":"first","15":"instock","16":"taxable","17":"shipping-taxable","18":"purchasable","19":"product-type-simple"},"acf":[],"aioseo_notices":[],"_links":{"self":[{"href":"https:\/\/katunofficial.com\/en\/wp-json\/wp\/v2\/product\/12853","targetHints":{"allow":["GET"]}}],"collection":[{"href":"https:\/\/katunofficial.com\/en\/wp-json\/wp\/v2\/product"}],"about":[{"href":"https:\/\/katunofficial.com\/en\/wp-json\/wp\/v2\/types\/product"}],"replies":[{"embeddable":true,"href":"https:\/\/katunofficial.com\/en\/wp-json\/wp\/v2\/comments?post=12853"}],"version-history":[{"count":5,"href":"https:\/\/katunofficial.com\/en\/wp-json\/wp\/v2\/product\/12853\/revisions"}],"predecessor-version":[{"id":13562,"href":"https:\/\/katunofficial.com\/en\/wp-json\/wp\/v2\/product\/12853\/revisions\/13562"}],"wp:featuredmedia":[{"embeddable":true,"href":"https:\/\/katunofficial.com\/en\/wp-json\/wp\/v2\/media\/14127"}],"wp:attachment":[{"href":"https:\/\/katunofficial.com\/en\/wp-json\/wp\/v2\/media?parent=12853"}],"wp:term":[{"taxonomy":"product_cat","embeddable":true,"href":"https:\/\/katunofficial.com\/en\/wp-json\/wp\/v2\/product_cat?post=12853"},{"taxonomy":"product_tag","embeddable":true,"href":"https:\/\/katunofficial.com\/en\/wp-json\/wp\/v2\/product_tag?post=12853"}],"curies":[{"name":"wp","href":"https:\/\/api.w.org\/{rel}","templated":true}]}}