{"id":12854,"date":"2024-07-15T17:20:36","date_gmt":"2024-07-15T14:20:36","guid":{"rendered":"https:\/\/katunofficial.com\/?post_type=product&#038;p=12854"},"modified":"2025-12-29T19:23:36","modified_gmt":"2025-12-29T16:23:36","slug":"aphrodite-leather-belt-burgundy","status":"publish","type":"product","link":"https:\/\/katunofficial.com\/en\/product\/aphrodite-leather-belt-burgundy\/","title":{"rendered":"Aphrodite Leather Belt Burgundy"},"content":{"rendered":"<p><strong>Aphrodite Leather Belt Burgundy<\/strong>, derin bordo deri ve sofistike tasar\u0131m\u0131 ile, k\u0131yafetlere asil bir hava katar.<\/p>","protected":false},"excerpt":{"rendered":"<p>Aphrodite Leather Belt Burgundy, derin bordo deri ve sofistike tasar\u0131m\u0131 ile, k\u0131yafetlere asil bir hava katar.<\/p>","protected":false},"featured_media":14126,"comment_status":"open","ping_status":"closed","template":"","meta":{"_acf_changed":false},"product_cat":[178],"product_tag":[],"class_list":{"0":"post-12854","1":"product","2":"type-product","3":"status-publish","4":"has-post-thumbnail","6":"product_cat-leather-belts","7":"nt-post-class","8":"","11":"excerpt-none","14":"first","15":"instock","16":"taxable","17":"shipping-taxable","18":"purchasable","19":"product-type-simple"},"acf":[],"aioseo_notices":[],"_links":{"self":[{"href":"https:\/\/katunofficial.com\/en\/wp-json\/wp\/v2\/product\/12854","targetHints":{"allow":["GET"]}}],"collection":[{"href":"https:\/\/katunofficial.com\/en\/wp-json\/wp\/v2\/product"}],"about":[{"href":"https:\/\/katunofficial.com\/en\/wp-json\/wp\/v2\/types\/product"}],"replies":[{"embeddable":true,"href":"https:\/\/katunofficial.com\/en\/wp-json\/wp\/v2\/comments?post=12854"}],"version-history":[{"count":4,"href":"https:\/\/katunofficial.com\/en\/wp-json\/wp\/v2\/product\/12854\/revisions"}],"predecessor-version":[{"id":13561,"href":"https:\/\/katunofficial.com\/en\/wp-json\/wp\/v2\/product\/12854\/revisions\/13561"}],"wp:featuredmedia":[{"embeddable":true,"href":"https:\/\/katunofficial.com\/en\/wp-json\/wp\/v2\/media\/14126"}],"wp:attachment":[{"href":"https:\/\/katunofficial.com\/en\/wp-json\/wp\/v2\/media?parent=12854"}],"wp:term":[{"taxonomy":"product_cat","embeddable":true,"href":"https:\/\/katunofficial.com\/en\/wp-json\/wp\/v2\/product_cat?post=12854"},{"taxonomy":"product_tag","embeddable":true,"href":"https:\/\/katunofficial.com\/en\/wp-json\/wp\/v2\/product_tag?post=12854"}],"curies":[{"name":"wp","href":"https:\/\/api.w.org\/{rel}","templated":true}]}}