{"id":12867,"date":"2024-07-15T17:27:51","date_gmt":"2024-07-15T14:27:51","guid":{"rendered":"https:\/\/katunofficial.com\/?post_type=product&#038;p=12867"},"modified":"2025-12-29T19:22:21","modified_gmt":"2025-12-29T16:22:21","slug":"camilla-bold-leather-belt-beige","status":"publish","type":"product","link":"https:\/\/katunofficial.com\/en\/product\/camilla-bold-leather-belt-beige\/","title":{"rendered":"Camilla Bold Leather Belt Beige"},"content":{"rendered":"<p><strong>Camilla Bold Leather Belt Beige<\/strong>, zarif bej deri ve dikkat \u00e7ekici tasar\u0131m\u0131 ile, her kombine sofistike bir dokunu\u015f katar.<\/p>","protected":false},"excerpt":{"rendered":"<p>Camilla Bold Leather Belt Beige, zarif bej deri ve dikkat \u00e7ekici tasar\u0131m\u0131 ile, her kombine sofistike bir dokunu\u015f katar.<\/p>","protected":false},"featured_media":14121,"comment_status":"open","ping_status":"closed","template":"","meta":{"_acf_changed":false},"product_cat":[178],"product_tag":[],"class_list":{"0":"post-12867","1":"product","2":"type-product","3":"status-publish","4":"has-post-thumbnail","6":"product_cat-leather-belts","7":"nt-post-class","8":"","11":"excerpt-none","14":"first","15":"instock","16":"taxable","17":"shipping-taxable","18":"purchasable","19":"product-type-simple"},"acf":[],"aioseo_notices":[],"_links":{"self":[{"href":"https:\/\/katunofficial.com\/en\/wp-json\/wp\/v2\/product\/12867","targetHints":{"allow":["GET"]}}],"collection":[{"href":"https:\/\/katunofficial.com\/en\/wp-json\/wp\/v2\/product"}],"about":[{"href":"https:\/\/katunofficial.com\/en\/wp-json\/wp\/v2\/types\/product"}],"replies":[{"embeddable":true,"href":"https:\/\/katunofficial.com\/en\/wp-json\/wp\/v2\/comments?post=12867"}],"version-history":[{"count":4,"href":"https:\/\/katunofficial.com\/en\/wp-json\/wp\/v2\/product\/12867\/revisions"}],"predecessor-version":[{"id":13556,"href":"https:\/\/katunofficial.com\/en\/wp-json\/wp\/v2\/product\/12867\/revisions\/13556"}],"wp:featuredmedia":[{"embeddable":true,"href":"https:\/\/katunofficial.com\/en\/wp-json\/wp\/v2\/media\/14121"}],"wp:attachment":[{"href":"https:\/\/katunofficial.com\/en\/wp-json\/wp\/v2\/media?parent=12867"}],"wp:term":[{"taxonomy":"product_cat","embeddable":true,"href":"https:\/\/katunofficial.com\/en\/wp-json\/wp\/v2\/product_cat?post=12867"},{"taxonomy":"product_tag","embeddable":true,"href":"https:\/\/katunofficial.com\/en\/wp-json\/wp\/v2\/product_tag?post=12867"}],"curies":[{"name":"wp","href":"https:\/\/api.w.org\/{rel}","templated":true}]}}