{"id":12868,"date":"2024-07-15T17:27:54","date_gmt":"2024-07-15T14:27:54","guid":{"rendered":"https:\/\/katunofficial.com\/?post_type=product&#038;p=12868"},"modified":"2025-12-29T19:22:07","modified_gmt":"2025-12-29T16:22:07","slug":"camilla-bold-leather-belt-baby-blue","status":"publish","type":"product","link":"https:\/\/katunofficial.com\/en\/product\/camilla-bold-leather-belt-baby-blue\/","title":{"rendered":"Camilla Bold Leather Belt Baby Blue"},"content":{"rendered":"<p><strong>Camilla Bold Leather Belt Baby Blue<\/strong>, huzur verici bebek mavisi deri ve modern tasar\u0131m\u0131 ile, her k\u0131yafete ferah bir dokunu\u015f sunar.<\/p>","protected":false},"excerpt":{"rendered":"<p>Camilla Bold Leather Belt Baby Blue, huzur verici bebek mavisi deri ve modern tasar\u0131m\u0131 ile, her k\u0131yafete ferah bir dokunu\u015f sunar.<\/p>","protected":false},"featured_media":14120,"comment_status":"open","ping_status":"closed","template":"","meta":{"_acf_changed":false},"product_cat":[178],"product_tag":[],"class_list":{"0":"post-12868","1":"product","2":"type-product","3":"status-publish","4":"has-post-thumbnail","6":"product_cat-leather-belts","7":"nt-post-class","8":"","11":"excerpt-none","14":"first","15":"instock","16":"taxable","17":"shipping-taxable","18":"purchasable","19":"product-type-simple"},"acf":[],"aioseo_notices":[],"_links":{"self":[{"href":"https:\/\/katunofficial.com\/en\/wp-json\/wp\/v2\/product\/12868","targetHints":{"allow":["GET"]}}],"collection":[{"href":"https:\/\/katunofficial.com\/en\/wp-json\/wp\/v2\/product"}],"about":[{"href":"https:\/\/katunofficial.com\/en\/wp-json\/wp\/v2\/types\/product"}],"replies":[{"embeddable":true,"href":"https:\/\/katunofficial.com\/en\/wp-json\/wp\/v2\/comments?post=12868"}],"version-history":[{"count":4,"href":"https:\/\/katunofficial.com\/en\/wp-json\/wp\/v2\/product\/12868\/revisions"}],"predecessor-version":[{"id":13555,"href":"https:\/\/katunofficial.com\/en\/wp-json\/wp\/v2\/product\/12868\/revisions\/13555"}],"wp:featuredmedia":[{"embeddable":true,"href":"https:\/\/katunofficial.com\/en\/wp-json\/wp\/v2\/media\/14120"}],"wp:attachment":[{"href":"https:\/\/katunofficial.com\/en\/wp-json\/wp\/v2\/media?parent=12868"}],"wp:term":[{"taxonomy":"product_cat","embeddable":true,"href":"https:\/\/katunofficial.com\/en\/wp-json\/wp\/v2\/product_cat?post=12868"},{"taxonomy":"product_tag","embeddable":true,"href":"https:\/\/katunofficial.com\/en\/wp-json\/wp\/v2\/product_tag?post=12868"}],"curies":[{"name":"wp","href":"https:\/\/api.w.org\/{rel}","templated":true}]}}