{"id":12878,"date":"2024-07-15T17:36:47","date_gmt":"2024-07-15T14:36:47","guid":{"rendered":"https:\/\/katunofficial.com\/?post_type=product&#038;p=12878"},"modified":"2025-12-29T19:21:26","modified_gmt":"2025-12-29T16:21:26","slug":"hera-twin-belt-camel","status":"publish","type":"product","link":"https:\/\/katunofficial.com\/en\/product\/hera-twin-belt-camel\/","title":{"rendered":"Hera Twin Belt Camel"},"content":{"rendered":"<p><strong>Hera Twin Belt Camel kemer<\/strong>, s\u0131cak camel tonu ve modern tasar\u0131m\u0131 ile her k\u0131yafete zarif bir dokunu\u015f katar.<\/p>","protected":false},"excerpt":{"rendered":"<p>Hera Twin Belt Camel kemer, s\u0131cak camel tonu ve modern tasar\u0131m\u0131 ile her k\u0131yafete zarif bir dokunu\u015f katar.<\/p>","protected":false},"featured_media":14142,"comment_status":"open","ping_status":"closed","template":"","meta":{"_acf_changed":false},"product_cat":[178],"product_tag":[],"class_list":{"0":"post-12878","1":"product","2":"type-product","3":"status-publish","4":"has-post-thumbnail","6":"product_cat-leather-belts","7":"nt-post-class","8":"","11":"excerpt-none","14":"first","15":"instock","16":"taxable","17":"shipping-taxable","18":"purchasable","19":"product-type-simple"},"acf":[],"aioseo_notices":[],"_links":{"self":[{"href":"https:\/\/katunofficial.com\/en\/wp-json\/wp\/v2\/product\/12878","targetHints":{"allow":["GET"]}}],"collection":[{"href":"https:\/\/katunofficial.com\/en\/wp-json\/wp\/v2\/product"}],"about":[{"href":"https:\/\/katunofficial.com\/en\/wp-json\/wp\/v2\/types\/product"}],"replies":[{"embeddable":true,"href":"https:\/\/katunofficial.com\/en\/wp-json\/wp\/v2\/comments?post=12878"}],"version-history":[{"count":6,"href":"https:\/\/katunofficial.com\/en\/wp-json\/wp\/v2\/product\/12878\/revisions"}],"predecessor-version":[{"id":13553,"href":"https:\/\/katunofficial.com\/en\/wp-json\/wp\/v2\/product\/12878\/revisions\/13553"}],"wp:featuredmedia":[{"embeddable":true,"href":"https:\/\/katunofficial.com\/en\/wp-json\/wp\/v2\/media\/14142"}],"wp:attachment":[{"href":"https:\/\/katunofficial.com\/en\/wp-json\/wp\/v2\/media?parent=12878"}],"wp:term":[{"taxonomy":"product_cat","embeddable":true,"href":"https:\/\/katunofficial.com\/en\/wp-json\/wp\/v2\/product_cat?post=12878"},{"taxonomy":"product_tag","embeddable":true,"href":"https:\/\/katunofficial.com\/en\/wp-json\/wp\/v2\/product_tag?post=12878"}],"curies":[{"name":"wp","href":"https:\/\/api.w.org\/{rel}","templated":true}]}}