{"id":12894,"date":"2024-07-15T17:42:02","date_gmt":"2024-07-15T14:42:02","guid":{"rendered":"https:\/\/katunofficial.com\/?post_type=product&#038;p=12894"},"modified":"2025-12-29T19:19:29","modified_gmt":"2025-12-29T16:19:29","slug":"hera-twin-slim-belt-baby-blue","status":"publish","type":"product","link":"https:\/\/katunofficial.com\/en\/product\/hera-twin-slim-belt-baby-blue\/","title":{"rendered":"Hera Twin Slim Belt Baby Blue"},"content":{"rendered":"<p><strong>Hera Twin Slim Belt Baby Blue ince kemer<\/strong>, huzur verici bebek mavisi tonu ve modern tasar\u0131m\u0131 ile her kombine ferah bir dokunu\u015f sunar.<\/p>","protected":false},"excerpt":{"rendered":"<p>Hera Twin Slim Belt Baby Blue ince kemer, huzur verici bebek mavisi tonu ve modern tasar\u0131m\u0131 ile her kombine ferah bir dokunu\u015f sunar.<\/p>","protected":false},"featured_media":14109,"comment_status":"open","ping_status":"closed","template":"","meta":{"_acf_changed":false},"product_cat":[178],"product_tag":[],"class_list":{"0":"post-12894","1":"product","2":"type-product","3":"status-publish","4":"has-post-thumbnail","6":"product_cat-leather-belts","7":"nt-post-class","8":"","11":"excerpt-none","14":"first","15":"instock","16":"taxable","17":"shipping-taxable","18":"purchasable","19":"product-type-simple"},"acf":[],"aioseo_notices":[],"_links":{"self":[{"href":"https:\/\/katunofficial.com\/en\/wp-json\/wp\/v2\/product\/12894","targetHints":{"allow":["GET"]}}],"collection":[{"href":"https:\/\/katunofficial.com\/en\/wp-json\/wp\/v2\/product"}],"about":[{"href":"https:\/\/katunofficial.com\/en\/wp-json\/wp\/v2\/types\/product"}],"replies":[{"embeddable":true,"href":"https:\/\/katunofficial.com\/en\/wp-json\/wp\/v2\/comments?post=12894"}],"version-history":[{"count":5,"href":"https:\/\/katunofficial.com\/en\/wp-json\/wp\/v2\/product\/12894\/revisions"}],"predecessor-version":[{"id":13545,"href":"https:\/\/katunofficial.com\/en\/wp-json\/wp\/v2\/product\/12894\/revisions\/13545"}],"wp:featuredmedia":[{"embeddable":true,"href":"https:\/\/katunofficial.com\/en\/wp-json\/wp\/v2\/media\/14109"}],"wp:attachment":[{"href":"https:\/\/katunofficial.com\/en\/wp-json\/wp\/v2\/media?parent=12894"}],"wp:term":[{"taxonomy":"product_cat","embeddable":true,"href":"https:\/\/katunofficial.com\/en\/wp-json\/wp\/v2\/product_cat?post=12894"},{"taxonomy":"product_tag","embeddable":true,"href":"https:\/\/katunofficial.com\/en\/wp-json\/wp\/v2\/product_tag?post=12894"}],"curies":[{"name":"wp","href":"https:\/\/api.w.org\/{rel}","templated":true}]}}