{"id":13343,"date":"2024-07-16T14:37:07","date_gmt":"2024-07-16T11:37:07","guid":{"rendered":"https:\/\/katunofficial.com\/?post_type=product&#038;p=13343"},"modified":"2025-12-29T19:18:59","modified_gmt":"2025-12-29T16:18:59","slug":"crystal-jasmin-black-gold-corset","status":"publish","type":"product","link":"https:\/\/katunofficial.com\/en\/product\/crystal-jasmin-black-gold-corset\/","title":{"rendered":"Crystal Jasmin Black-Gold Corset"},"content":{"rendered":"<p><strong>Crystal Jasmin Black-Gold Corset,<\/strong> zarif siyah ve gold kombinasyonu ile, kristal detaylarla s\u00fcsl\u00fc, sofistike bir dokunu\u015f sunar.<\/p>","protected":false},"excerpt":{"rendered":"<p>Crystal Jasmin Black-Gold Corset offers a sophisticated touch with its elegant black and gold combination, adorned with crystal details.<\/p>","protected":false},"featured_media":14108,"comment_status":"open","ping_status":"closed","template":"","meta":{"_acf_changed":false},"product_cat":[181],"product_tag":[],"class_list":{"0":"post-13343","1":"product","2":"type-product","3":"status-publish","4":"has-post-thumbnail","6":"product_cat-corset","7":"nt-post-class","8":"","11":"excerpt-none","14":"first","15":"instock","16":"taxable","17":"shipping-taxable","18":"purchasable","19":"product-type-simple"},"acf":[],"aioseo_notices":[],"_links":{"self":[{"href":"https:\/\/katunofficial.com\/en\/wp-json\/wp\/v2\/product\/13343","targetHints":{"allow":["GET"]}}],"collection":[{"href":"https:\/\/katunofficial.com\/en\/wp-json\/wp\/v2\/product"}],"about":[{"href":"https:\/\/katunofficial.com\/en\/wp-json\/wp\/v2\/types\/product"}],"replies":[{"embeddable":true,"href":"https:\/\/katunofficial.com\/en\/wp-json\/wp\/v2\/comments?post=13343"}],"version-history":[{"count":7,"href":"https:\/\/katunofficial.com\/en\/wp-json\/wp\/v2\/product\/13343\/revisions"}],"predecessor-version":[{"id":13544,"href":"https:\/\/katunofficial.com\/en\/wp-json\/wp\/v2\/product\/13343\/revisions\/13544"}],"wp:featuredmedia":[{"embeddable":true,"href":"https:\/\/katunofficial.com\/en\/wp-json\/wp\/v2\/media\/14108"}],"wp:attachment":[{"href":"https:\/\/katunofficial.com\/en\/wp-json\/wp\/v2\/media?parent=13343"}],"wp:term":[{"taxonomy":"product_cat","embeddable":true,"href":"https:\/\/katunofficial.com\/en\/wp-json\/wp\/v2\/product_cat?post=13343"},{"taxonomy":"product_tag","embeddable":true,"href":"https:\/\/katunofficial.com\/en\/wp-json\/wp\/v2\/product_tag?post=13343"}],"curies":[{"name":"wp","href":"https:\/\/api.w.org\/{rel}","templated":true}]}}